{"id":2799,"date":"2026-03-18T15:17:23","date_gmt":"2026-03-18T14:17:23","guid":{"rendered":"https:\/\/eshop.yuzu.house\/?post_type=product&#038;p=2799"},"modified":"2026-04-20T06:05:56","modified_gmt":"2026-04-20T04:05:56","slug":"danube-music-days-festival","status":"publish","type":"product","link":"https:\/\/eshop.yuzu.house\/cs\/produkt\/danube-music-days-festival\/","title":{"rendered":"Danube Music Days FESTIVAL"},"content":{"rendered":"<p>Danube Music Days Festival 2026 v YUZU House<br \/>\n26. \u2013 27. j\u00fan | hudba, pr\u00edroda, komunita<\/p>\n<p>Za\u017ei festival, kde sa stret\u00e1va kvalitn\u00e1 elektronika, live vyst\u00fapenia a jedine\u010dn\u00fd vibe YUZU House. Int\u00edmna atmosf\u00e9ra, siln\u00fd line-up a leto, ktor\u00e9 za\u010d\u00edna presne tu.<\/p>\n<p>Legend\u00e1rny Goldie, Digitalism, Irvine Welsh a \u010fal\u0161\u00ed zahrani\u010dn\u00ed aj dom\u00e1ci umelci vytvoria festival, kde sa stret\u00e1va mestsk\u00e1 kult\u00fara s uvo\u013enen\u00fdm vibe-om YUZU House.<\/p>\n<p>Limitovan\u00e1 kapacita. Int\u00edmna atmosf\u00e9ra. Siln\u00fd line-up.<\/p>\n<p><strong>WIN \u2013 WIN. Ka\u017ed\u00fd l\u00edstok vyhr\u00e1va.<\/strong><\/p>\n<p>K\u00fapou l\u00edstka sa nest\u00e1va\u0161 len n\u00e1v\u0161tevn\u00edkom.<br \/>\nSt\u00e1va\u0161 sa \u010dlenom YUZU komunity.<\/p>\n<p>\ud83d\udc49 Ako to funguje:<br \/>\nPo k\u00fape l\u00edstka vypln\u00ed\u0161 kr\u00e1tky formul\u00e1r, (meno, telef\u00f3n, email etc..formul\u00e1r nie je povinn\u00fd) a zarad\u00edme \u0165a do YUZU WhatsApp partie. <\/p>\n<p>A \u010do t\u00fdm z\u00edskava\u0161 ako n\u00e1\u0161 priate\u013e?<\/p>\n<p>\ud83c\udf79 welcome drink na festivale, priate\u013eov poz\u00fdvame!<br \/>\n\ud83c\udf81 mal\u00fa merch pozornos\u0165<br \/>\n\ud83d\udcf2 inform\u00e1cie z prvej ruky o eventoch a novink\u00e1ch v bud\u00facnosti<br \/>\n\ud83c\udf9f\ufe0f \u0161peci\u00e1lny pr\u00edstup &#8211; v\u00fdhody a pozornosti na na\u0161ich \u010fal\u0161\u00edch podujatiach<br \/>\n\ud83e\udd1d \u010dlenstvo v priate\u013eskej partii, ktor\u00e1 tvor\u00ed YUZU<\/p>\n<p>Podporuje\u0161 t\u00fdm kult\u00farne centrum, ktor\u00e9 vznik\u00e1 v \u00fatrob\u00e1ch YUZU House. A z\u00e1rove\u0148 si jeho s\u00fa\u010das\u0165ou!<\/p>\n<p>LEBO YUZU \u017dIJE KULT\u00daROU.<\/p>\n<p>\ud83d\udc49 Vyber si svoj l\u00edstok a pridaj sa k n\u00e1m.<\/p>\n<p>DRUH\u00c1 VLNA za 59Eur. Nav\u00e1haj, lacnej\u0161ie to u\u017e nebude!<\/p>\n","protected":false},"excerpt":{"rendered":"<p>Danube Music Days Festival 2026 v YUZU House 26. \u2013 27. j\u00fan | hudba, pr\u00edroda, komunita Za\u017ei festival, kde sa stret\u00e1va kvalitn\u00e1 elektronika, live vyst\u00fapenia a jedine\u010dn\u00fd vibe YUZU House. Int\u00edmna atmosf\u00e9ra, siln\u00fd line-up a leto, ktor\u00e9 za\u010d\u00edna presne tu. Legend\u00e1rny Goldie, Digitalism, Irvine Welsh a \u010fal\u0161\u00ed zahrani\u010dn\u00ed aj dom\u00e1ci umelci vytvoria festival, kde sa [&hellip;]<\/p>\n","protected":false},"featured_media":2800,"template":"","meta":{"_et_pb_use_builder":"","_et_pb_old_content":"","_et_gb_content_width":""},"product_cat":[18,78,72,77],"product_tag":[],"class_list":["post-2799","product","type-product","status-publish","has-post-thumbnail","hentry","product_cat-darceky","product_cat-selection","product_cat-voucher","product_cat-admission"],"_links":{"self":[{"href":"https:\/\/eshop.yuzu.house\/cs\/wp-json\/wp\/v2\/product\/2799","targetHints":{"allow":["GET"]}}],"collection":[{"href":"https:\/\/eshop.yuzu.house\/cs\/wp-json\/wp\/v2\/product"}],"about":[{"href":"https:\/\/eshop.yuzu.house\/cs\/wp-json\/wp\/v2\/types\/product"}],"wp:featuredmedia":[{"embeddable":true,"href":"https:\/\/eshop.yuzu.house\/cs\/wp-json\/wp\/v2\/media\/2800"}],"wp:attachment":[{"href":"https:\/\/eshop.yuzu.house\/cs\/wp-json\/wp\/v2\/media?parent=2799"}],"wp:term":[{"taxonomy":"product_cat","embeddable":true,"href":"https:\/\/eshop.yuzu.house\/cs\/wp-json\/wp\/v2\/product_cat?post=2799"},{"taxonomy":"product_tag","embeddable":true,"href":"https:\/\/eshop.yuzu.house\/cs\/wp-json\/wp\/v2\/product_tag?post=2799"}],"curies":[{"name":"wp","href":"https:\/\/api.w.org\/{rel}","templated":true}]}}