{"id":2293,"date":"2022-02-10T15:41:30","date_gmt":"2022-02-10T14:41:30","guid":{"rendered":"https:\/\/eshop.yuzu.house\/?post_type=product&#038;p=2293"},"modified":"2022-12-15T10:48:34","modified_gmt":"2022-12-15T09:48:34","slug":"nabe-polievka","status":"publish","type":"product","link":"https:\/\/eshop.yuzu.house\/cs\/produkt\/nabe-polievka\/","title":{"rendered":"Nabe polievka"},"content":{"rendered":"<table style=\"width: 100%; border-collapse: collapse; border-color: #e8e8e8; border-style: solid; height: 243px;\" border=\"2\">\n<tbody>\n<tr style=\"height: 53px;\">\n<td style=\"width: 20%; background-color: #e6d3b1; text-align: left; height: 53px;\"><span style=\"font-size: 14pt; color: #000000;\"><strong>\u00a0 Objem<\/strong><\/span><\/td>\n<td style=\"width: 80%; background-color: #e6d3b1; text-align: left; padding-left: 40px; height: 53px;\">300 ml<\/td>\n<\/tr>\n<tr style=\"height: 71px;\">\n<td style=\"width: 20%; background-color: #ffffff; text-align: left; height: 71px;\"><span style=\"font-size: 14pt; color: #000000;\"><strong>\u00a0 Ingrediencie<\/strong><\/span><\/td>\n<td style=\"width: 80%; background-color: #ffffff; text-align: left; padding-left: 40px; height: 71px;\">voda, miso, z\u00e1zvor, cesnak, s\u00f3jov\u00e1 om\u00e1\u010dka, sake, mrkva, cibu\u013ea, kapusta, hriby<\/td>\n<\/tr>\n<tr style=\"height: 25px;\">\n<td style=\"width: 20%; background-color: #e6d3b1; text-align: left; height: 25px;\"><span style=\"font-size: 14pt; color: #000000;\"><strong>\u00a0 Alerg\u00e9ny<\/strong><\/span><\/td>\n<td style=\"width: 80%; background-color: #e6d3b1; text-align: left; padding-left: 40px; height: 25px;\">6<\/td>\n<\/tr>\n<tr style=\"height: 47px;\">\n<td style=\"width: 20%; background-color: #ffffff; text-align: left; height: 47px;\"><span style=\"font-size: 14pt; color: #000000;\"><strong>\u00a0 N\u00e1\u0161 tip\u00a0<img loading=\"lazy\" decoding=\"async\" class=\"wp-image-2131 alignnone\" src=\"https:\/\/eshop.yuzu.house\/wp-content\/uploads\/2021\/12\/nas-tip-150x150.ico\" alt=\"\" width=\"17\" height=\"17\" srcset=\"https:\/\/eshop.yuzu.house\/wp-content\/uploads\/2021\/12\/nas-tip-150x150.ico 150w, https:\/\/eshop.yuzu.house\/wp-content\/uploads\/2021\/12\/nas-tip-256x250.ico 256w, https:\/\/eshop.yuzu.house\/wp-content\/uploads\/2021\/12\/nas-tip-100x100.ico 100w, https:\/\/eshop.yuzu.house\/wp-content\/uploads\/2021\/12\/nas-tip.ico 16w\" sizes=\"auto, (max-width: 17px) 100vw, 17px\" \/><\/strong><\/span><\/td>\n<td style=\"width: 80%; background-color: #ffffff; text-align: left; padding-left: 40px; height: 47px;\">Nabe polievka je dobr\u00e1 pri n\u00e1dche \u010di chr\u00edpke. Obsahuje ve\u013ea d\u00f4le\u017eit\u00fdch \u017eiv\u00edn, po\u017e\u00edva sa hor\u00faca, je v nej z\u00e1zvor ktor\u00fd p\u00f4sob\u00ed protiz\u00e1palovo a mno\u017estvo zeleniny.<\/td>\n<\/tr>\n<tr style=\"height: 47px;\">\n<td style=\"width: 20%; background-color: #e6d3b1; text-align: left; height: 47px;\"><span style=\"font-size: 14pt; color: #000000;\"><strong>\u00a0 Vedeli ste \u017ee..?<\/strong><\/span><\/td>\n<td style=\"width: 80%; background-color: #e6d3b1; text-align: left; padding-left: 40px; height: 47px;\">Nabe znamen\u00e1 hrniec. Tak\u00e1to polievka je tradi\u010dn\u00fdm jedlom na nov\u00fd rok, v zime no var\u00ed sa aj po\u010das letn\u00fdch dni. Ka\u017ed\u00e1 nabe polievka m\u00f4\u017ee by\u0165 in\u00e1, YUZU House volil verziu pre zdravie a vitalitu, preto obsahuje hr\u00edby, aj \u010derstv\u00fd z\u00e1zvor.<\/td>\n<\/tr>\n<\/tbody>\n<\/table>\n<p><!--more--><\/p>\n","protected":false},"excerpt":{"rendered":"<p>Polievka, objem 300ml. Zdrav\u00e1 zeleninov\u00e1 polievka pre Va\u0161e zdravie, posilnenie imunity aj denn\u00fa vitalitu. Obsahuje miso, z\u00e1zvor, cesnak, minimum s\u00f3jovej om\u00e1\u010dky miesto soli, sake, mrkvu, cibu\u013eu, kapusta a hr\u00edby<\/p>\n","protected":false},"featured_media":2241,"template":"","meta":{"_et_pb_use_builder":"off","_et_pb_old_content":"<table style=\"height: 148px;width: 40.6732%;border-collapse: collapse;border-color: #e8e8e8;border-style: solid\" border=\"2\">\r\n<tbody>\r\n<tr style=\"height: 22px\">\r\n<td style=\"width: 59.6552%;height: 38px;background-color: #e6d3b1;text-align: center\"><span style=\"font-size: 14pt;color: #000000\"><strong>V\u00fd\u017eivov\u00e9 \u00fadaje<\/strong><\/span><\/td>\r\n<td style=\"width: 40.3448%;height: 38px;background-color: #e6d3b1;text-align: center\"><span style=\"font-size: 14pt;color: #000000\">v 100g<\/span><\/td>\r\n<\/tr>\r\n<tr style=\"height: 22px\">\r\n<td style=\"width: 59.6552%;text-align: center;height: 22px\"><strong>Energia<\/strong><\/td>\r\n<td style=\"width: 40.3448%;height: 22px;text-align: center\">185 kJ \/ 43 Kcal<\/td>\r\n<\/tr>\r\n<tr style=\"height: 22px\">\r\n<td style=\"width: 59.6552%;height: 22px;background-color: #e6d3b1;text-align: center\">Tuky\r\n\r\nZ toho nas\u00fdten\u00e9 mastn\u00e9 kyseliny<\/td>\r\n<td style=\"width: 40.3448%;height: 22px;background-color: #e6d3b1;text-align: center\">10g\r\n\r\n10g<\/td>\r\n<\/tr>\r\n<tr style=\"height: 22px\">\r\n<td style=\"width: 59.6552%;height: 22px;text-align: center\">Sacharidy\r\n\r\nZ toho cukry<\/td>\r\n<td style=\"width: 40.3448%;height: 22px;text-align: center\">5g\r\n\r\n3g<\/td>\r\n<\/tr>\r\n<tr style=\"height: 22px\">\r\n<td style=\"width: 59.6552%;height: 22px;background-color: #e6d3b1;text-align: center\">Vl\u00e1kniny<\/td>\r\n<td style=\"width: 40.3448%;height: 22px;background-color: #e6d3b1;text-align: center\">1g<\/td>\r\n<\/tr>\r\n<tr style=\"height: 22px\">\r\n<td style=\"width: 59.6552%;height: 22px;text-align: center\">Bielkoviny<\/td>\r\n<td style=\"width: 40.3448%;height: 22px;text-align: center\">0g<\/td>\r\n<\/tr>\r\n<\/tbody>\r\n<\/table>","_et_gb_content_width":""},"product_cat":[73],"product_tag":[],"class_list":["post-2293","product","type-product","status-publish","has-post-thumbnail","hentry","product_cat-obento"],"_links":{"self":[{"href":"https:\/\/eshop.yuzu.house\/cs\/wp-json\/wp\/v2\/product\/2293","targetHints":{"allow":["GET"]}}],"collection":[{"href":"https:\/\/eshop.yuzu.house\/cs\/wp-json\/wp\/v2\/product"}],"about":[{"href":"https:\/\/eshop.yuzu.house\/cs\/wp-json\/wp\/v2\/types\/product"}],"wp:featuredmedia":[{"embeddable":true,"href":"https:\/\/eshop.yuzu.house\/cs\/wp-json\/wp\/v2\/media\/2241"}],"wp:attachment":[{"href":"https:\/\/eshop.yuzu.house\/cs\/wp-json\/wp\/v2\/media?parent=2293"}],"wp:term":[{"taxonomy":"product_cat","embeddable":true,"href":"https:\/\/eshop.yuzu.house\/cs\/wp-json\/wp\/v2\/product_cat?post=2293"},{"taxonomy":"product_tag","embeddable":true,"href":"https:\/\/eshop.yuzu.house\/cs\/wp-json\/wp\/v2\/product_tag?post=2293"}],"curies":[{"name":"wp","href":"https:\/\/api.w.org\/{rel}","templated":true}]}}