{"id":2280,"date":"2022-02-07T12:44:18","date_gmt":"2022-02-07T11:44:18","guid":{"rendered":"https:\/\/eshop.yuzu.house\/?post_type=product&#038;p=2280"},"modified":"2022-12-15T10:48:38","modified_gmt":"2022-12-15T09:48:38","slug":"okonomiyaki-seafood","status":"publish","type":"product","link":"https:\/\/eshop.yuzu.house\/cs\/produkt\/okonomiyaki-seafood\/","title":{"rendered":"Okonomiyaki (SeaFood)"},"content":{"rendered":"<table style=\"width: 100%; border-collapse: collapse; border-color: #e8e8e8; border-style: solid; height: 243px;\" border=\"2\">\n<tbody>\n<tr style=\"height: 53px;\">\n<td style=\"width: 20%; background-color: #e6d3b1; text-align: left; height: 53px;\"><span style=\"font-size: 14pt; color: #000000;\"><strong>\u00a0 Gram\u00e1\u017e<\/strong><\/span><\/td>\n<td style=\"width: 80%; background-color: #e6d3b1; text-align: left; padding-left: 40px; height: 53px;\">cca 600g surov\u00edn<\/td>\n<\/tr>\n<tr style=\"height: 71px;\">\n<td style=\"width: 20%; background-color: #ffffff; text-align: left; height: 71px;\"><span style=\"font-size: 14pt; color: #000000;\"><strong>\u00a0 Ingrediencie<\/strong><\/span><\/td>\n<td style=\"width: 80%; background-color: #ffffff; text-align: left; padding-left: 40px; height: 71px;\">kapusta, vajce, m\u00faka, voda, morsk\u00e9 plody &#8211; krevety, chobotnica etc.., jarn\u00e1 cibu\u013eka, s\u00f3jov\u00e1 om\u00e1\u010dka, cukor, so\u013e, katsuoboshi, YUZU Mayo &#8211;\u00a0 origin\u00e1lna, nami vyroben\u00e1 majon\u00e9za s yuzu, na\u0161a dom\u00e1ca okonomiyaki om\u00e1\u010dka.<\/td>\n<\/tr>\n<tr style=\"height: 25px;\">\n<td style=\"width: 20%; background-color: #e6d3b1; text-align: left; height: 25px;\"><span style=\"font-size: 14pt; color: #000000;\"><strong>\u00a0 Alerg\u00e9ny<\/strong><\/span><\/td>\n<td style=\"width: 80%; background-color: #e6d3b1; text-align: left; padding-left: 40px; height: 25px;\">1, 2, 3, 4, 6, 14<\/td>\n<\/tr>\n<tr style=\"height: 47px;\">\n<td style=\"width: 20%; background-color: #ffffff; text-align: left; height: 47px;\"><span style=\"font-size: 14pt; color: #000000;\"><strong>\u00a0 N\u00e1\u0161 tip\u00a0<img loading=\"lazy\" decoding=\"async\" class=\"wp-image-2131 alignnone\" src=\"https:\/\/eshop.yuzu.house\/wp-content\/uploads\/2021\/12\/nas-tip-150x150.ico\" alt=\"\" width=\"17\" height=\"17\" srcset=\"https:\/\/eshop.yuzu.house\/wp-content\/uploads\/2021\/12\/nas-tip-150x150.ico 150w, https:\/\/eshop.yuzu.house\/wp-content\/uploads\/2021\/12\/nas-tip-256x250.ico 256w, https:\/\/eshop.yuzu.house\/wp-content\/uploads\/2021\/12\/nas-tip-100x100.ico 100w, https:\/\/eshop.yuzu.house\/wp-content\/uploads\/2021\/12\/nas-tip.ico 16w\" sizes=\"auto, (max-width: 17px) 100vw, 17px\" \/><\/strong><\/span><\/td>\n<td style=\"width: 80%; background-color: #ffffff; text-align: left; padding-left: 40px; height: 47px;\">Doprajte si okonomiyaki s vychladen\u00fdm pivkom z na\u0161ej ponuky craftov\u00fdch p\u00edv. V ponuke je aj nealko , \u010di Fusion YUZU radler.<\/td>\n<\/tr>\n<tr style=\"height: 47px;\">\n<td style=\"width: 20%; background-color: #e6d3b1; text-align: left; height: 47px;\"><span style=\"font-size: 14pt; color: #000000;\"><strong>\u00a0 Vedeli ste \u017ee..?<\/strong><\/span><\/td>\n<td style=\"width: 80%; background-color: #e6d3b1; text-align: left; padding-left: 40px; height: 47px;\">Z prekladu Okonomi-yaki t.j. pe\u010den\u00e1 placka v ktorej n\u00e1jde\u0161 v\u0161etko \u010do ti chut\u00ed. Je typick\u00e1 pre oblas\u0165 miest Osaka a Hiro\u0161ima, rozdiel m\u00f4\u017ee by\u0165 vo forme pr\u00edpravy, v Hiro\u0161ime je be\u017ene pe\u010den\u00e9 s cestovinami.<\/td>\n<\/tr>\n<\/tbody>\n<\/table>\n<p><!--more--><\/p>\n","protected":false},"excerpt":{"rendered":"<div class=\"woocommerce-product-details__short-description\">\n<p>Hlavn\u00e9 jedlo, gram\u00e1\u017e cca. 600g. Pe\u010den\u00e1 placka na teppan platni v nieko\u013ek\u00fdch vrstv\u00e1ch s vaj\u00ed\u010dkom, kapustou, morsk\u00fdmi plodmi, posypan\u00e9 tuniakov\u00fdmi lupienkami, ochuten\u00e9 \u0161peci\u00e1lnou om\u00e1\u010dkou a majon\u00e9zou na\u0161ej zna\u010dky. Typick\u00e9 streedfoodove jedlo pre oblas\u0165 Hiro\u0161ima a Osaka, ob\u013e\u00faben\u00e9 v celom Japonsku.<\/p>\n<\/div>\n","protected":false},"featured_media":2259,"template":"","meta":{"_et_pb_use_builder":"off","_et_pb_old_content":"<table style=\"height: 148px;width: 40.6732%;border-collapse: collapse;border-color: #e8e8e8;border-style: solid\" border=\"2\">\r\n<tbody>\r\n<tr style=\"height: 22px\">\r\n<td style=\"width: 59.6552%;height: 38px;background-color: #e6d3b1;text-align: center\"><span style=\"font-size: 14pt;color: #000000\"><strong>V\u00fd\u017eivov\u00e9 \u00fadaje<\/strong><\/span><\/td>\r\n<td style=\"width: 40.3448%;height: 38px;background-color: #e6d3b1;text-align: center\"><span style=\"font-size: 14pt;color: #000000\">v 100g<\/span><\/td>\r\n<\/tr>\r\n<tr style=\"height: 22px\">\r\n<td style=\"width: 59.6552%;text-align: center;height: 22px\"><strong>Energia<\/strong><\/td>\r\n<td style=\"width: 40.3448%;height: 22px;text-align: center\">185 kJ \/ 43 Kcal<\/td>\r\n<\/tr>\r\n<tr style=\"height: 22px\">\r\n<td style=\"width: 59.6552%;height: 22px;background-color: #e6d3b1;text-align: center\">Tuky\r\n\r\nZ toho nas\u00fdten\u00e9 mastn\u00e9 kyseliny<\/td>\r\n<td style=\"width: 40.3448%;height: 22px;background-color: #e6d3b1;text-align: center\">10g\r\n\r\n10g<\/td>\r\n<\/tr>\r\n<tr style=\"height: 22px\">\r\n<td style=\"width: 59.6552%;height: 22px;text-align: center\">Sacharidy\r\n\r\nZ toho cukry<\/td>\r\n<td style=\"width: 40.3448%;height: 22px;text-align: center\">5g\r\n\r\n3g<\/td>\r\n<\/tr>\r\n<tr style=\"height: 22px\">\r\n<td style=\"width: 59.6552%;height: 22px;background-color: #e6d3b1;text-align: center\">Vl\u00e1kniny<\/td>\r\n<td style=\"width: 40.3448%;height: 22px;background-color: #e6d3b1;text-align: center\">1g<\/td>\r\n<\/tr>\r\n<tr style=\"height: 22px\">\r\n<td style=\"width: 59.6552%;height: 22px;text-align: center\">Bielkoviny<\/td>\r\n<td style=\"width: 40.3448%;height: 22px;text-align: center\">0g<\/td>\r\n<\/tr>\r\n<\/tbody>\r\n<\/table>","_et_gb_content_width":""},"product_cat":[73],"product_tag":[],"class_list":["post-2280","product","type-product","status-publish","has-post-thumbnail","hentry","product_cat-obento"],"_links":{"self":[{"href":"https:\/\/eshop.yuzu.house\/cs\/wp-json\/wp\/v2\/product\/2280","targetHints":{"allow":["GET"]}}],"collection":[{"href":"https:\/\/eshop.yuzu.house\/cs\/wp-json\/wp\/v2\/product"}],"about":[{"href":"https:\/\/eshop.yuzu.house\/cs\/wp-json\/wp\/v2\/types\/product"}],"wp:featuredmedia":[{"embeddable":true,"href":"https:\/\/eshop.yuzu.house\/cs\/wp-json\/wp\/v2\/media\/2259"}],"wp:attachment":[{"href":"https:\/\/eshop.yuzu.house\/cs\/wp-json\/wp\/v2\/media?parent=2280"}],"wp:term":[{"taxonomy":"product_cat","embeddable":true,"href":"https:\/\/eshop.yuzu.house\/cs\/wp-json\/wp\/v2\/product_cat?post=2280"},{"taxonomy":"product_tag","embeddable":true,"href":"https:\/\/eshop.yuzu.house\/cs\/wp-json\/wp\/v2\/product_tag?post=2280"}],"curies":[{"name":"wp","href":"https:\/\/api.w.org\/{rel}","templated":true}]}}