{"id":2273,"date":"2022-02-04T13:20:51","date_gmt":"2022-02-04T12:20:51","guid":{"rendered":"https:\/\/eshop.yuzu.house\/?post_type=product&#038;p=2273"},"modified":"2022-12-15T10:48:41","modified_gmt":"2022-12-15T09:48:41","slug":"fusion-yuzu-radler","status":"publish","type":"product","link":"https:\/\/eshop.yuzu.house\/cs\/produkt\/fusion-yuzu-radler\/","title":{"rendered":"FUSION YUZU Radler \u010dapovan\u00fd"},"content":{"rendered":"<table style=\"height: 148px; width: 40.6732%; border-collapse: collapse; border-color: #e8e8e8; border-style: solid;\" border=\"2\">\n<tbody>\n<tr style=\"height: 22px;\">\n<td style=\"width: 59.6552%; height: 38px; background-color: #e6d3b1; text-align: center;\"><span style=\"font-size: 14pt; color: #000000;\"><strong>V\u00fd\u017eivov\u00e9 \u00fadaje<\/strong><\/span><\/td>\n<td style=\"width: 40.3448%; height: 38px; background-color: #e6d3b1; text-align: center;\"><span style=\"font-size: 14pt; color: #000000;\">v 100g<\/span><\/td>\n<\/tr>\n<tr style=\"height: 22px;\">\n<td style=\"width: 59.6552%; text-align: center; height: 22px;\"><strong>Energia<\/strong><\/td>\n<td style=\"width: 40.3448%; height: 22px; text-align: center;\">185 kJ \/ 43 Kcal<\/td>\n<\/tr>\n<tr style=\"height: 22px;\">\n<td style=\"width: 59.6552%; height: 22px; text-align: center;\"><\/td>\n<td style=\"width: 40.3448%; height: 22px; text-align: center;\">5g 3g<\/td>\n<\/tr>\n<tr>\n<td style=\"width: 59.6552%; background-color: #e6d3b1; text-align: center;\"><span style=\"font-size: 14pt; color: #000000;\"><strong>Alerg\u00e9ny<\/strong><\/span><\/td>\n<td style=\"width: 40.3448%; background-color: #e6d3b1; text-align: center;\"><\/td>\n<\/tr>\n<tr style=\"height: 22px;\">\n<td style=\"width: 59.6552%; height: 22px; background-color: #e6d3b1; text-align: center;\">b.abla<\/td>\n<td style=\"width: 40.3448%; height: 22px; background-color: #e6d3b1; text-align: center;\">1g<\/td>\n<\/tr>\n<tr style=\"height: 22px;\">\n<td style=\"width: 59.6552%; height: 22px; text-align: center;\">Bielkoviny<\/td>\n<td style=\"width: 40.3448%; height: 22px; text-align: center;\">0g<\/td>\n<\/tr>\n<\/tbody>\n<\/table>\n","protected":false},"excerpt":{"rendered":"<div class=\"woocommerce-product-details__short-description\">\n<p>Dokonal\u00e1 f\u00fazia v podobe radler tipu n\u00e1poja FUSION ktor\u00fd obsahuje na\u0161e nealkholick\u00e9 kvalitn\u00e9 pivo a n\u00e1\u0161 YUZU juice.<\/p>\n<\/div>\n","protected":false},"featured_media":2276,"template":"","meta":{"_et_pb_use_builder":"off","_et_pb_old_content":"<table style=\"height: 148px;width: 40.6732%;border-collapse: collapse;border-color: #e8e8e8;border-style: solid\" border=\"2\">\r\n<tbody>\r\n<tr style=\"height: 22px\">\r\n<td style=\"width: 59.6552%;height: 38px;background-color: #e6d3b1;text-align: center\"><span style=\"font-size: 14pt;color: #000000\"><strong>V\u00fd\u017eivov\u00e9 \u00fadaje<\/strong><\/span><\/td>\r\n<td style=\"width: 40.3448%;height: 38px;background-color: #e6d3b1;text-align: center\"><span style=\"font-size: 14pt;color: #000000\">v 100g<\/span><\/td>\r\n<\/tr>\r\n<tr style=\"height: 22px\">\r\n<td style=\"width: 59.6552%;text-align: center;height: 22px\"><strong>Energia<\/strong><\/td>\r\n<td style=\"width: 40.3448%;height: 22px;text-align: center\">185 kJ \/ 43 Kcal<\/td>\r\n<\/tr>\r\n<tr style=\"height: 22px\">\r\n<td style=\"width: 59.6552%;height: 22px;background-color: #e6d3b1;text-align: center\">Tuky\r\n\r\nZ toho nas\u00fdten\u00e9 mastn\u00e9 kyseliny<\/td>\r\n<td style=\"width: 40.3448%;height: 22px;background-color: #e6d3b1;text-align: center\">10g\r\n\r\n10g<\/td>\r\n<\/tr>\r\n<tr style=\"height: 22px\">\r\n<td style=\"width: 59.6552%;height: 22px;text-align: center\">Sacharidy\r\n\r\nZ toho cukry<\/td>\r\n<td style=\"width: 40.3448%;height: 22px;text-align: center\">5g\r\n\r\n3g<\/td>\r\n<\/tr>\r\n<tr style=\"height: 22px\">\r\n<td style=\"width: 59.6552%;height: 22px;background-color: #e6d3b1;text-align: center\">Vl\u00e1kniny<\/td>\r\n<td style=\"width: 40.3448%;height: 22px;background-color: #e6d3b1;text-align: center\">1g<\/td>\r\n<\/tr>\r\n<tr style=\"height: 22px\">\r\n<td style=\"width: 59.6552%;height: 22px;text-align: center\">Bielkoviny<\/td>\r\n<td style=\"width: 40.3448%;height: 22px;text-align: center\">0g<\/td>\r\n<\/tr>\r\n<\/tbody>\r\n<\/table>","_et_gb_content_width":""},"product_cat":[73],"product_tag":[],"class_list":["post-2273","product","type-product","status-publish","has-post-thumbnail","hentry","product_cat-obento"],"_links":{"self":[{"href":"https:\/\/eshop.yuzu.house\/cs\/wp-json\/wp\/v2\/product\/2273","targetHints":{"allow":["GET"]}}],"collection":[{"href":"https:\/\/eshop.yuzu.house\/cs\/wp-json\/wp\/v2\/product"}],"about":[{"href":"https:\/\/eshop.yuzu.house\/cs\/wp-json\/wp\/v2\/types\/product"}],"wp:featuredmedia":[{"embeddable":true,"href":"https:\/\/eshop.yuzu.house\/cs\/wp-json\/wp\/v2\/media\/2276"}],"wp:attachment":[{"href":"https:\/\/eshop.yuzu.house\/cs\/wp-json\/wp\/v2\/media?parent=2273"}],"wp:term":[{"taxonomy":"product_cat","embeddable":true,"href":"https:\/\/eshop.yuzu.house\/cs\/wp-json\/wp\/v2\/product_cat?post=2273"},{"taxonomy":"product_tag","embeddable":true,"href":"https:\/\/eshop.yuzu.house\/cs\/wp-json\/wp\/v2\/product_tag?post=2273"}],"curies":[{"name":"wp","href":"https:\/\/api.w.org\/{rel}","templated":true}]}}