{"id":222,"date":"2021-05-10T20:08:17","date_gmt":"2021-05-10T18:08:17","guid":{"rendered":"https:\/\/neweshop.yuzu.house\/?post_type=product&#038;p=222"},"modified":"2022-01-26T23:30:41","modified_gmt":"2022-01-26T22:30:41","slug":"yuzu-juice-1000ml","status":"publish","type":"product","link":"https:\/\/eshop.yuzu.house\/cs\/produkt\/yuzu-juice-1000ml\/","title":{"rendered":"Yuzu juice  1000ml"},"content":{"rendered":"<p>[et_pb_section fb_built=&#8220;1&#8243; _builder_version=&#8220;3.22&#8243; custom_padding=&#8220;0px||||false|false&#8220; global_colors_info=&#8220;{}&#8220;][et_pb_row _builder_version=&#8220;3.25&#8243; background_size=&#8220;initial&#8220; background_position=&#8220;top_left&#8220; background_repeat=&#8220;repeat&#8220; width=&#8220;100%&#8220; custom_padding=&#8220;0px||0px||false|false&#8220; global_colors_info=&#8220;{}&#8220;][et_pb_column type=&#8220;4_4&#8243; _builder_version=&#8220;3.25&#8243; custom_padding=&#8220;|||&#8220; global_colors_info=&#8220;{}&#8220; custom_padding__hover=&#8220;|||&#8220;][et_pb_wc_breadcrumb _builder_version=&#8220;3.0.47&#8243; global_colors_info=&#8220;{}&#8220;][\/et_pb_wc_breadcrumb][et_pb_wc_cart_notice global_colors_info=&#8220;{}&#8220;][\/et_pb_wc_cart_notice][\/et_pb_column][\/et_pb_row][et_pb_row column_structure=&#8220;1_2,1_2&#8243; _builder_version=&#8220;3.25&#8243; background_size=&#8220;initial&#8220; background_position=&#8220;top_left&#8220; background_repeat=&#8220;repeat&#8220; width=&#8220;100%&#8220; custom_padding=&#8220;0px||||false|false&#8220; global_colors_info=&#8220;{}&#8220;][et_pb_column type=&#8220;1_2&#8243; _builder_version=&#8220;3.25&#8243; custom_padding=&#8220;|||&#8220; global_colors_info=&#8220;{}&#8220; custom_padding__hover=&#8220;|||&#8220;][et_pb_wc_images _builder_version=&#8220;3.0.47&#8243; global_colors_info=&#8220;{}&#8220;][\/et_pb_wc_images][\/et_pb_column][et_pb_column type=&#8220;1_2&#8243; _builder_version=&#8220;3.25&#8243; custom_padding=&#8220;|||&#8220; global_colors_info=&#8220;{}&#8220; custom_padding__hover=&#8220;|||&#8220;][et_pb_wc_title _builder_version=&#8220;3.0.47&#8243; global_colors_info=&#8220;{}&#8220;][\/et_pb_wc_title][et_pb_wc_rating _builder_version=&#8220;3.0.47&#8243; global_colors_info=&#8220;{}&#8220;][\/et_pb_wc_rating][et_pb_wc_price _builder_version=&#8220;3.0.47&#8243; global_colors_info=&#8220;{}&#8220;][\/et_pb_wc_price][et_pb_wc_description _builder_version=&#8220;3.0.47&#8243; global_colors_info=&#8220;{}&#8220;][\/et_pb_wc_description][et_pb_wc_add_to_cart global_colors_info=&#8220;{}&#8220;][\/et_pb_wc_add_to_cart][et_pb_wc_meta _builder_version=&#8220;3.0.47&#8243; global_colors_info=&#8220;{}&#8220;][\/et_pb_wc_meta][\/et_pb_column][\/et_pb_row][et_pb_row _builder_version=&#8220;3.25&#8243; background_size=&#8220;initial&#8220; background_position=&#8220;top_left&#8220; background_repeat=&#8220;repeat&#8220; width=&#8220;100%&#8220; global_colors_info=&#8220;{}&#8220;][et_pb_column type=&#8220;4_4&#8243; _builder_version=&#8220;3.25&#8243; custom_padding=&#8220;|||&#8220; global_colors_info=&#8220;{}&#8220; custom_padding__hover=&#8220;|||&#8220;][et_pb_wc_tabs _builder_version=&#8220;4.9.4&#8243; global_colors_info=&#8220;{}&#8220;]\t\t\t\t\t[\/et_pb_wc_tabs][et_pb_wc_upsells _builder_version=&#8220;3.0.47&#8243; global_colors_info=&#8220;{}&#8220;][\/et_pb_wc_upsells][et_pb_wc_related_products _builder_version=&#8220;3.0.47&#8243; global_colors_info=&#8220;{}&#8220;][\/et_pb_wc_related_products][\/et_pb_column][\/et_pb_row][\/et_pb_section]<\/p>\n","protected":false},"excerpt":{"rendered":"<div class=\"woocommerce-product-details__short-description\">\n<p>100% \u0161\u0165ava zo zozbieran\u00fdch Yuzu plodov, okam\u017eite vypre\u0161ovan\u00e1 a hlboko zmrazen\u00e1 na leteck\u00fd transport do YUZU House.<\/p>\n<\/div>\n","protected":false},"featured_media":223,"template":"","meta":{"_et_pb_use_builder":"on","_et_pb_old_content":"<div class=\"answer\">\r\n\r\n100% \u0161\u0165ava z \u010derstvo zozbieran\u00fdch Yuzu plodov, okam\u017eite vypre\u0161ovan\u00e1 a hlboko zmrazen\u00e1 na leteck\u00fd transport do YUZU House v Eur\u00f3pe. V\u010faka p\u00f4vodu v Japonsku a procesu spracovania, m\u00e1 lep\u0161iu chu\u0165 a v\u00f4\u0148u v porovnan\u00ed s in\u00fdmi produktmi.\r\n<table style=\"height: 148px;width: 40.6732%;border-collapse: collapse;border-color: #e8e8e8;border-style: solid\" border=\"2\">\r\n<tbody>\r\n<tr style=\"height: 22px\">\r\n<td style=\"width: 59.6552%;height: 38px;background-color: #e6d3b1;text-align: center\"><span style=\"font-size: 14pt;color: #000000\"><strong>V\u00fd\u017eivov\u00e9 \u00fadaje<\/strong><\/span><\/td>\r\n<td style=\"width: 40.3448%;height: 38px;background-color: #e6d3b1;text-align: center\"><span style=\"font-size: 14pt;color: #000000\">v 100g<\/span><\/td>\r\n<\/tr>\r\n<tr style=\"height: 22px\">\r\n<td style=\"width: 59.6552%;text-align: center;height: 22px\"><strong>Energia<\/strong><\/td>\r\n<td style=\"width: 40.3448%;height: 22px;text-align: center\">185 kJ \/ 43 Kcal<\/td>\r\n<\/tr>\r\n<tr style=\"height: 22px\">\r\n<td style=\"width: 59.6552%;height: 22px;background-color: #e6d3b1;text-align: center\">Tuky\r\n\r\nZ toho nas\u00fdten\u00e9 mastn\u00e9 kyseliny<\/td>\r\n<td style=\"width: 40.3448%;height: 22px;background-color: #e6d3b1;text-align: center\">10g\r\n\r\n10g<\/td>\r\n<\/tr>\r\n<tr style=\"height: 22px\">\r\n<td style=\"width: 59.6552%;height: 22px;text-align: center\">Sacharidy\r\n\r\nZ toho cukry<\/td>\r\n<td style=\"width: 40.3448%;height: 22px;text-align: center\">5g\r\n\r\n3g<\/td>\r\n<\/tr>\r\n<tr style=\"height: 22px\">\r\n<td style=\"width: 59.6552%;height: 22px;background-color: #e6d3b1;text-align: center\">Vl\u00e1kniny<\/td>\r\n<td style=\"width: 40.3448%;height: 22px;background-color: #e6d3b1;text-align: center\">1g<\/td>\r\n<\/tr>\r\n<tr style=\"height: 22px\">\r\n<td style=\"width: 59.6552%;height: 22px;text-align: center\">Bielkoviny<\/td>\r\n<td style=\"width: 40.3448%;height: 22px;text-align: center\">0g<\/td>\r\n<\/tr>\r\n<\/tbody>\r\n<\/table>\r\n<\/div>","_et_gb_content_width":""},"product_cat":[15],"product_tag":[],"class_list":["post-222","product","type-product","status-publish","has-post-thumbnail","hentry","product_cat-produkty"],"_links":{"self":[{"href":"https:\/\/eshop.yuzu.house\/cs\/wp-json\/wp\/v2\/product\/222","targetHints":{"allow":["GET"]}}],"collection":[{"href":"https:\/\/eshop.yuzu.house\/cs\/wp-json\/wp\/v2\/product"}],"about":[{"href":"https:\/\/eshop.yuzu.house\/cs\/wp-json\/wp\/v2\/types\/product"}],"wp:featuredmedia":[{"embeddable":true,"href":"https:\/\/eshop.yuzu.house\/cs\/wp-json\/wp\/v2\/media\/223"}],"wp:attachment":[{"href":"https:\/\/eshop.yuzu.house\/cs\/wp-json\/wp\/v2\/media?parent=222"}],"wp:term":[{"taxonomy":"product_cat","embeddable":true,"href":"https:\/\/eshop.yuzu.house\/cs\/wp-json\/wp\/v2\/product_cat?post=222"},{"taxonomy":"product_tag","embeddable":true,"href":"https:\/\/eshop.yuzu.house\/cs\/wp-json\/wp\/v2\/product_tag?post=222"}],"curies":[{"name":"wp","href":"https:\/\/api.w.org\/{rel}","templated":true}]}}