{"id":2101,"date":"2021-12-03T11:32:37","date_gmt":"2021-12-03T10:32:37","guid":{"rendered":"https:\/\/eshop.yuzu.house\/?post_type=product&#038;p=2101"},"modified":"2022-12-15T10:48:44","modified_gmt":"2022-12-15T09:48:44","slug":"chicken-katsudon","status":"publish","type":"product","link":"https:\/\/eshop.yuzu.house\/cs\/produkt\/chicken-katsudon\/","title":{"rendered":"Chicken-KatsuDon"},"content":{"rendered":"<table style=\"width: 100%; border-collapse: collapse; border-color: #e8e8e8; border-style: solid; height: 243px;\" border=\"2\">\n<tbody>\n<tr style=\"height: 53px;\">\n<td style=\"width: 20%; background-color: #e6d3b1; text-align: left; height: 53px;\"><span style=\"font-size: 14pt; color: #000000;\"><strong>\u00a0 Gram\u00e1\u017e<\/strong><\/span><\/td>\n<td style=\"width: 80%; background-color: #e6d3b1; text-align: left; padding-left: 40px; height: 53px;\">cca 500g surov\u00edn<\/td>\n<\/tr>\n<tr style=\"height: 71px;\">\n<td style=\"width: 20%; background-color: #ffffff; text-align: left; height: 71px;\"><span style=\"font-size: 14pt; color: #000000;\"><strong>\u00a0 Ingrediencie<\/strong><\/span><\/td>\n<td style=\"width: 80%; background-color: #ffffff; text-align: left; padding-left: 40px; height: 71px;\">kuracie stehno, vajce, m\u00faka, str\u00fahanka, jarn\u00e1 cibu\u013eka, ry\u017ea<\/td>\n<\/tr>\n<tr style=\"height: 25px;\">\n<td style=\"width: 20%; background-color: #e6d3b1; text-align: left; height: 25px;\"><span style=\"font-size: 14pt; color: #000000;\"><strong>\u00a0 Alerg\u00e9ny<\/strong><\/span><\/td>\n<td style=\"width: 80%; background-color: #e6d3b1; text-align: left; padding-left: 40px; height: 25px;\">1, 3<\/td>\n<\/tr>\n<tr style=\"height: 47px;\">\n<td style=\"width: 20%; background-color: #ffffff; text-align: left; height: 47px;\"><span style=\"font-size: 14pt; color: #000000;\"><strong>\u00a0 N\u00e1\u0161 tip\u00a0<img loading=\"lazy\" decoding=\"async\" class=\"wp-image-2131 alignnone\" src=\"https:\/\/eshop.yuzu.house\/wp-content\/uploads\/2021\/12\/nas-tip-150x150.ico\" alt=\"\" width=\"17\" height=\"17\" srcset=\"https:\/\/eshop.yuzu.house\/wp-content\/uploads\/2021\/12\/nas-tip-150x150.ico 150w, https:\/\/eshop.yuzu.house\/wp-content\/uploads\/2021\/12\/nas-tip-256x250.ico 256w, https:\/\/eshop.yuzu.house\/wp-content\/uploads\/2021\/12\/nas-tip-100x100.ico 100w, https:\/\/eshop.yuzu.house\/wp-content\/uploads\/2021\/12\/nas-tip.ico 16w\" sizes=\"auto, (max-width: 17px) 100vw, 17px\" \/><\/strong><\/span><\/td>\n<td style=\"width: 80%; background-color: #ffffff; text-align: left; padding-left: 40px; height: 47px;\">KatsuDon sa dobre vychutn\u00e1va s vychladen\u00fdm pivkom z na\u0161ej ponuky craftov\u00fdch p\u00edv &#8211; alko, nealko , \u010di Fusion YUZU radler, k m\u00e4sku sa hod\u00ed aj poh\u00e1r \u010derven\u00e9ho v\u00edna.<\/td>\n<\/tr>\n<tr style=\"height: 47px;\">\n<td style=\"width: 20%; background-color: #e6d3b1; text-align: left; height: 47px;\"><span style=\"font-size: 14pt; color: #000000;\"><strong>\u00a0 Vedeli ste \u017ee..?<\/strong><\/span><\/td>\n<td style=\"width: 80%; background-color: #e6d3b1; text-align: left; padding-left: 40px; height: 47px;\">Toto jedlo m\u00f4\u017ee pripom\u00edna\u0165 klasick\u00fd kurac\u00ed reze\u0148, rozdiel je v\u0161ak v sp\u00f4sobe pr\u00edpravy a serv\u00edrovania. Serv\u00edruje sa tak, aby hor\u00faca ry\u017ea zospodu ohriavala m\u00e4sko, ktor\u00e9 m\u00e1 osta\u0165 chrumkav\u00e9 a \u0161tavnat\u00e9.<\/td>\n<\/tr>\n<\/tbody>\n<\/table>\n<p><!--more--><\/p>\n","protected":false},"excerpt":{"rendered":"<div class=\"woocommerce-product-details__short-description\">\n<p>Hlavn\u00e9 jedlo, gram\u00e1\u017e cca. 500g. \u0160peci\u00e1lne pripraven\u00e9 \u0161\u0165avnat\u00e9 kuracie m\u00e4so na japonsk\u00fd sp\u00f4sob, kr\u00e1jan\u00e9 na pl\u00e1tky v miske s ry\u017eou. Podliate vaj\u00ed\u010dkom a dochuten\u00e9 jarnou cibu\u013ekou.<\/p>\n<\/div>\n","protected":false},"featured_media":2228,"template":"","meta":{"_et_pb_use_builder":"off","_et_pb_old_content":"<table style=\"height: 148px;width: 40.6732%;border-collapse: collapse;border-color: #e8e8e8;border-style: solid\" border=\"2\">\r\n<tbody>\r\n<tr style=\"height: 22px\">\r\n<td style=\"width: 59.6552%;height: 38px;background-color: #e6d3b1;text-align: center\"><span style=\"font-size: 14pt;color: #000000\"><strong>V\u00fd\u017eivov\u00e9 \u00fadaje<\/strong><\/span><\/td>\r\n<td style=\"width: 40.3448%;height: 38px;background-color: #e6d3b1;text-align: center\"><span style=\"font-size: 14pt;color: #000000\">v 100g<\/span><\/td>\r\n<\/tr>\r\n<tr style=\"height: 22px\">\r\n<td style=\"width: 59.6552%;text-align: center;height: 22px\"><strong>Energia<\/strong><\/td>\r\n<td style=\"width: 40.3448%;height: 22px;text-align: center\">185 kJ \/ 43 Kcal<\/td>\r\n<\/tr>\r\n<tr style=\"height: 22px\">\r\n<td style=\"width: 59.6552%;height: 22px;background-color: #e6d3b1;text-align: center\">Tuky\r\n\r\nZ toho nas\u00fdten\u00e9 mastn\u00e9 kyseliny<\/td>\r\n<td style=\"width: 40.3448%;height: 22px;background-color: #e6d3b1;text-align: center\">10g\r\n\r\n10g<\/td>\r\n<\/tr>\r\n<tr style=\"height: 22px\">\r\n<td style=\"width: 59.6552%;height: 22px;text-align: center\">Sacharidy\r\n\r\nZ toho cukry<\/td>\r\n<td style=\"width: 40.3448%;height: 22px;text-align: center\">5g\r\n\r\n3g<\/td>\r\n<\/tr>\r\n<tr style=\"height: 22px\">\r\n<td style=\"width: 59.6552%;height: 22px;background-color: #e6d3b1;text-align: center\">Vl\u00e1kniny<\/td>\r\n<td style=\"width: 40.3448%;height: 22px;background-color: #e6d3b1;text-align: center\">1g<\/td>\r\n<\/tr>\r\n<tr style=\"height: 22px\">\r\n<td style=\"width: 59.6552%;height: 22px;text-align: center\">Bielkoviny<\/td>\r\n<td style=\"width: 40.3448%;height: 22px;text-align: center\">0g<\/td>\r\n<\/tr>\r\n<\/tbody>\r\n<\/table>","_et_gb_content_width":""},"product_cat":[73],"product_tag":[],"class_list":["post-2101","product","type-product","status-publish","has-post-thumbnail","hentry","product_cat-obento"],"_links":{"self":[{"href":"https:\/\/eshop.yuzu.house\/cs\/wp-json\/wp\/v2\/product\/2101","targetHints":{"allow":["GET"]}}],"collection":[{"href":"https:\/\/eshop.yuzu.house\/cs\/wp-json\/wp\/v2\/product"}],"about":[{"href":"https:\/\/eshop.yuzu.house\/cs\/wp-json\/wp\/v2\/types\/product"}],"wp:featuredmedia":[{"embeddable":true,"href":"https:\/\/eshop.yuzu.house\/cs\/wp-json\/wp\/v2\/media\/2228"}],"wp:attachment":[{"href":"https:\/\/eshop.yuzu.house\/cs\/wp-json\/wp\/v2\/media?parent=2101"}],"wp:term":[{"taxonomy":"product_cat","embeddable":true,"href":"https:\/\/eshop.yuzu.house\/cs\/wp-json\/wp\/v2\/product_cat?post=2101"},{"taxonomy":"product_tag","embeddable":true,"href":"https:\/\/eshop.yuzu.house\/cs\/wp-json\/wp\/v2\/product_tag?post=2101"}],"curies":[{"name":"wp","href":"https:\/\/api.w.org\/{rel}","templated":true}]}}