{"id":2095,"date":"2021-12-03T11:30:17","date_gmt":"2021-12-03T10:30:17","guid":{"rendered":"https:\/\/eshop.yuzu.house\/?post_type=product&#038;p=2095"},"modified":"2022-12-15T10:48:50","modified_gmt":"2022-12-15T09:48:50","slug":"washoku-mix-bento","status":"publish","type":"product","link":"https:\/\/eshop.yuzu.house\/cs\/produkt\/washoku-mix-bento\/","title":{"rendered":"Washoku mix bento"},"content":{"rendered":"<table style=\"width: 100%; border-collapse: collapse; border-color: #e8e8e8; border-style: solid; height: 243px;\" border=\"2\">\n<tbody>\n<tr style=\"height: 53px;\">\n<td style=\"width: 20%; background-color: #e6d3b1; text-align: left; height: 53px;\"><span style=\"font-size: 14pt; color: #000000;\"><strong>\u00a0 Gram\u00e1\u017e<\/strong><\/span><\/td>\n<td style=\"width: 80%; background-color: #e6d3b1; text-align: left; padding-left: 40px; height: 53px;\">cca 450g surov\u00edn<\/td>\n<\/tr>\n<tr style=\"height: 71px;\">\n<td style=\"width: 20%; background-color: #ffffff; text-align: left; height: 71px;\"><span style=\"font-size: 14pt; color: #000000;\"><strong>\u00a0 Ingrediencie<\/strong><\/span><\/td>\n<td style=\"width: 80%; background-color: #ffffff; text-align: left; padding-left: 40px; height: 71px;\">okonomiyaki so slaninkou, po\u0161\u00edrovan\u00e9 hr\u00edby, ry\u017ea so sezamom, kuracia gy\u00f3za, marinovan\u00e9 vaj\u00ed\u010dko, p\u00e1rok<\/td>\n<\/tr>\n<tr style=\"height: 25px;\">\n<td style=\"width: 20%; background-color: #e6d3b1; text-align: left; height: 25px;\"><span style=\"font-size: 14pt; color: #000000;\"><strong>\u00a0 Alerg\u00e9ny<\/strong><\/span><\/td>\n<td style=\"width: 80%; background-color: #e6d3b1; text-align: left; padding-left: 40px; height: 25px;\">1, 3, 11<\/td>\n<\/tr>\n<tr style=\"height: 47px;\">\n<td style=\"width: 20%; background-color: #ffffff; text-align: left; height: 47px;\"><span style=\"font-size: 14pt; color: #000000;\"><strong>\u00a0 N\u00e1\u0161 tip\u00a0<img loading=\"lazy\" decoding=\"async\" class=\"wp-image-2131 alignnone\" src=\"https:\/\/eshop.yuzu.house\/wp-content\/uploads\/2021\/12\/nas-tip-150x150.ico\" alt=\"\" width=\"17\" height=\"17\" srcset=\"https:\/\/eshop.yuzu.house\/wp-content\/uploads\/2021\/12\/nas-tip-150x150.ico 150w, https:\/\/eshop.yuzu.house\/wp-content\/uploads\/2021\/12\/nas-tip-256x250.ico 256w, https:\/\/eshop.yuzu.house\/wp-content\/uploads\/2021\/12\/nas-tip-100x100.ico 100w, https:\/\/eshop.yuzu.house\/wp-content\/uploads\/2021\/12\/nas-tip.ico 16w\" sizes=\"auto, (max-width: 17px) 100vw, 17px\" \/><\/strong><\/span><\/td>\n<td style=\"width: 80%; background-color: #ffffff; text-align: left; padding-left: 40px; height: 47px;\">Obento sa d\u00e1 zohria\u0165 v mikrovlnnej r\u00fare. Je chutn\u00e9 s pivkom z na\u0161ej ponuky.<\/td>\n<\/tr>\n<tr style=\"height: 47px;\">\n<td style=\"width: 20%; background-color: #e6d3b1; text-align: left; height: 47px;\"><span style=\"font-size: 14pt; color: #000000;\"><strong>\u00a0 Vedeli ste \u017ee..?<\/strong><\/span><\/td>\n<td style=\"width: 80%; background-color: #e6d3b1; text-align: left; padding-left: 40px; height: 47px;\">WASHOKU znamen\u00e1 v preklade \u010disto japonsk\u00e9 jedlo. ci\u00ed. Obento je zn\u00e1my typ balenia jedla do obed\u00e1rov. Ide o rozmanit\u00e9, ingredienciami vyv\u00e1\u017een\u00e9, \u010derstv\u00e9,\u00a0 viacchodov\u00e9 menu.<\/td>\n<\/tr>\n<\/tbody>\n<\/table>\n<p><!--more--><\/p>\n","protected":false},"excerpt":{"rendered":"<p>Celodenn\u00e9 menu, gram\u00e1\u017e cca. 500g. V jednom bento boxe n\u00e1jdete 6 r\u00f4znych chut\u00ed &#8211; chutn\u00e9 okonomiyaki so slaninkou, brav\u010dov\u00fd p\u00e1rok, marinovan\u00e9 vaj\u00ed\u010dko, teriyaki hr\u00edby, kuraciu gy\u00f3zu aj ry\u017eu s \u010diernym sezamom.<\/p>\n","protected":false},"featured_media":2253,"template":"","meta":{"_et_pb_use_builder":"off","_et_pb_old_content":"<table style=\"height: 148px;width: 40.6732%;border-collapse: collapse;border-color: #e8e8e8;border-style: solid\" border=\"2\">\r\n<tbody>\r\n<tr style=\"height: 22px\">\r\n<td style=\"width: 59.6552%;height: 38px;background-color: #e6d3b1;text-align: center\"><span style=\"font-size: 14pt;color: #000000\"><strong>V\u00fd\u017eivov\u00e9 \u00fadaje<\/strong><\/span><\/td>\r\n<td style=\"width: 40.3448%;height: 38px;background-color: #e6d3b1;text-align: center\"><span style=\"font-size: 14pt;color: #000000\">v 100g<\/span><\/td>\r\n<\/tr>\r\n<tr style=\"height: 22px\">\r\n<td style=\"width: 59.6552%;text-align: center;height: 22px\"><strong>Energia<\/strong><\/td>\r\n<td style=\"width: 40.3448%;height: 22px;text-align: center\">185 kJ \/ 43 Kcal<\/td>\r\n<\/tr>\r\n<tr style=\"height: 22px\">\r\n<td style=\"width: 59.6552%;height: 22px;background-color: #e6d3b1;text-align: center\">Tuky\r\n\r\nZ toho nas\u00fdten\u00e9 mastn\u00e9 kyseliny<\/td>\r\n<td style=\"width: 40.3448%;height: 22px;background-color: #e6d3b1;text-align: center\">10g\r\n\r\n10g<\/td>\r\n<\/tr>\r\n<tr style=\"height: 22px\">\r\n<td style=\"width: 59.6552%;height: 22px;text-align: center\">Sacharidy\r\n\r\nZ toho cukry<\/td>\r\n<td style=\"width: 40.3448%;height: 22px;text-align: center\">5g\r\n\r\n3g<\/td>\r\n<\/tr>\r\n<tr style=\"height: 22px\">\r\n<td style=\"width: 59.6552%;height: 22px;background-color: #e6d3b1;text-align: center\">Vl\u00e1kniny<\/td>\r\n<td style=\"width: 40.3448%;height: 22px;background-color: #e6d3b1;text-align: center\">1g<\/td>\r\n<\/tr>\r\n<tr style=\"height: 22px\">\r\n<td style=\"width: 59.6552%;height: 22px;text-align: center\">Bielkoviny<\/td>\r\n<td style=\"width: 40.3448%;height: 22px;text-align: center\">0g<\/td>\r\n<\/tr>\r\n<\/tbody>\r\n<\/table>","_et_gb_content_width":""},"product_cat":[73],"product_tag":[],"class_list":["post-2095","product","type-product","status-publish","has-post-thumbnail","hentry","product_cat-obento"],"_links":{"self":[{"href":"https:\/\/eshop.yuzu.house\/cs\/wp-json\/wp\/v2\/product\/2095","targetHints":{"allow":["GET"]}}],"collection":[{"href":"https:\/\/eshop.yuzu.house\/cs\/wp-json\/wp\/v2\/product"}],"about":[{"href":"https:\/\/eshop.yuzu.house\/cs\/wp-json\/wp\/v2\/types\/product"}],"wp:featuredmedia":[{"embeddable":true,"href":"https:\/\/eshop.yuzu.house\/cs\/wp-json\/wp\/v2\/media\/2253"}],"wp:attachment":[{"href":"https:\/\/eshop.yuzu.house\/cs\/wp-json\/wp\/v2\/media?parent=2095"}],"wp:term":[{"taxonomy":"product_cat","embeddable":true,"href":"https:\/\/eshop.yuzu.house\/cs\/wp-json\/wp\/v2\/product_cat?post=2095"},{"taxonomy":"product_tag","embeddable":true,"href":"https:\/\/eshop.yuzu.house\/cs\/wp-json\/wp\/v2\/product_tag?post=2095"}],"curies":[{"name":"wp","href":"https:\/\/api.w.org\/{rel}","templated":true}]}}