{"id":2091,"date":"2021-12-02T11:21:10","date_gmt":"2021-12-02T10:21:10","guid":{"rendered":"https:\/\/eshop.yuzu.house\/?post_type=product&#038;p=2091"},"modified":"2022-12-15T10:48:54","modified_gmt":"2022-12-15T09:48:54","slug":"sukiyaki-bento","status":"publish","type":"product","link":"https:\/\/eshop.yuzu.house\/cs\/produkt\/sukiyaki-bento\/","title":{"rendered":"Sukiyaki (brav\u010dov\u00e9)"},"content":{"rendered":"<table style=\"width: 100%; border-collapse: collapse; border-color: #e8e8e8; border-style: solid; height: 243px;\" border=\"2\">\n<tbody>\n<tr style=\"height: 53px;\">\n<td style=\"width: 20%; background-color: #e6d3b1; text-align: left; height: 53px;\"><span style=\"font-size: 14pt; color: #000000;\"><strong>\u00a0 Gram\u00e1\u017e<\/strong><\/span><\/td>\n<td style=\"width: 80%; background-color: #e6d3b1; text-align: left; padding-left: 40px; height: 53px;\">cca 600g surov\u00edn<\/td>\n<\/tr>\n<tr style=\"height: 71px;\">\n<td style=\"width: 20%; background-color: #ffffff; text-align: left; height: 71px;\"><span style=\"font-size: 14pt; color: #000000;\"><strong>\u00a0 Ingrediencie<\/strong><\/span><\/td>\n<td style=\"width: 80%; background-color: #ffffff; text-align: left; padding-left: 40px; height: 71px;\">ry\u017ea, nori, najemno nakr\u00e1jan\u00e9 pl\u00e1tky brav\u010dov\u00e9ho stehna, cibu\u013ea, s\u00f3jov\u00e1 om\u00e1\u010dka, cukor, so\u013e, jarn\u00e1 cibu\u013eka, mrkva<\/td>\n<\/tr>\n<tr style=\"height: 25px;\">\n<td style=\"width: 20%; background-color: #e6d3b1; text-align: left; height: 25px;\"><span style=\"font-size: 14pt; color: #000000;\"><strong>\u00a0 Alerg\u00e9ny<\/strong><\/span><\/td>\n<td style=\"width: 80%; background-color: #e6d3b1; text-align: left; padding-left: 40px; height: 25px;\">6<\/td>\n<\/tr>\n<tr style=\"height: 47px;\">\n<td style=\"width: 20%; background-color: #ffffff; text-align: left; height: 47px;\"><span style=\"font-size: 14pt; color: #000000;\"><strong>\u00a0 N\u00e1\u0161 tip\u00a0<img loading=\"lazy\" decoding=\"async\" class=\"wp-image-2131 alignnone\" src=\"https:\/\/eshop.yuzu.house\/wp-content\/uploads\/2021\/12\/nas-tip-150x150.ico\" alt=\"\" width=\"17\" height=\"17\" srcset=\"https:\/\/eshop.yuzu.house\/wp-content\/uploads\/2021\/12\/nas-tip-150x150.ico 150w, https:\/\/eshop.yuzu.house\/wp-content\/uploads\/2021\/12\/nas-tip-256x250.ico 256w, https:\/\/eshop.yuzu.house\/wp-content\/uploads\/2021\/12\/nas-tip-100x100.ico 100w, https:\/\/eshop.yuzu.house\/wp-content\/uploads\/2021\/12\/nas-tip.ico 16w\" sizes=\"auto, (max-width: 17px) 100vw, 17px\" \/><\/strong><\/span><\/td>\n<td style=\"width: 80%; background-color: #ffffff; text-align: left; padding-left: 40px; height: 47px;\">K sukiyaki sa hod\u00ed dobr\u00e9 pivo z na\u0161ej ponuky, v\u00edno aj uron cha. Ak m\u00e1te radi mierne varen\u00e9 vaj\u00ed\u010dko, vyklopte si jedno na hor\u00face jedlo z vrchu a vlejte do\u0148 mal\u00fd k\u00fasok s\u00f3jovej om\u00e1\u010dky. Jemne pomie\u0161ajte a zjedzte jedlo za hor\u00faca.<\/td>\n<\/tr>\n<tr style=\"height: 47px;\">\n<td style=\"width: 20%; background-color: #e6d3b1; text-align: left; height: 47px;\"><span style=\"font-size: 14pt; color: #000000;\"><strong>\u00a0 Vedeli ste \u017ee..?<\/strong><\/span><\/td>\n<td style=\"width: 80%; background-color: #e6d3b1; text-align: left; padding-left: 40px; height: 47px;\">Sukiyaki patr\u00ed sk\u00f4r k zimn\u00fdm pokrmom typick\u00fdm pre oslavu nov\u00e9ho roka, podobne ako patr\u00ed k Vianociam u n\u00e1s zemiakov\u00fd \u0161al\u00e1t. V severnej\u0161\u00edch \u010dastiach Japonska sa preferuje jeho verzia s brav\u010dov\u00fdm m\u00e4som, ju\u017ene sa pou\u017e\u00edva tipicky m\u00e4so hov\u00e4dzie.<\/td>\n<\/tr>\n<\/tbody>\n<\/table>\n<p><!--more--><\/p>\n","protected":false},"excerpt":{"rendered":"<p>Hlavn\u00e9 jedlo, gram\u00e1\u017e cca. 600g. Zdrav\u00e9 a v\u00fd\u017eivn\u00e9 japonsk\u00e9 menu pozost\u00e1vaj\u00face z poctivo vyberan\u00fdch ingredienci\u00ed: ry\u017ea, nori, najemno nakr\u00e1jan\u00e9 a restovan\u00e9 pl\u00e1tky brav\u010dov\u00e9ho m\u00e4ska, karamelizovan\u00e1 cibu\u013eka na japonsk\u00fd sp\u00f4sob s marinovan\u00fdm vaj\u00ed\u010dkom, tekvicou hokkaido, jemne dekorovan\u00e9 \u010derstvou jarnou ciulkou a k\u00faskami varenej mrkvy.<\/p>\n","protected":false},"featured_media":2241,"template":"","meta":{"_et_pb_use_builder":"off","_et_pb_old_content":"<table style=\"height: 148px;width: 40.6732%;border-collapse: collapse;border-color: #e8e8e8;border-style: solid\" border=\"2\">\r\n<tbody>\r\n<tr style=\"height: 22px\">\r\n<td style=\"width: 59.6552%;height: 38px;background-color: #e6d3b1;text-align: center\"><span style=\"font-size: 14pt;color: #000000\"><strong>V\u00fd\u017eivov\u00e9 \u00fadaje<\/strong><\/span><\/td>\r\n<td style=\"width: 40.3448%;height: 38px;background-color: #e6d3b1;text-align: center\"><span style=\"font-size: 14pt;color: #000000\">v 100g<\/span><\/td>\r\n<\/tr>\r\n<tr style=\"height: 22px\">\r\n<td style=\"width: 59.6552%;text-align: center;height: 22px\"><strong>Energia<\/strong><\/td>\r\n<td style=\"width: 40.3448%;height: 22px;text-align: center\">185 kJ \/ 43 Kcal<\/td>\r\n<\/tr>\r\n<tr style=\"height: 22px\">\r\n<td style=\"width: 59.6552%;height: 22px;background-color: #e6d3b1;text-align: center\">Tuky\r\n\r\nZ toho nas\u00fdten\u00e9 mastn\u00e9 kyseliny<\/td>\r\n<td style=\"width: 40.3448%;height: 22px;background-color: #e6d3b1;text-align: center\">10g\r\n\r\n10g<\/td>\r\n<\/tr>\r\n<tr style=\"height: 22px\">\r\n<td style=\"width: 59.6552%;height: 22px;text-align: center\">Sacharidy\r\n\r\nZ toho cukry<\/td>\r\n<td style=\"width: 40.3448%;height: 22px;text-align: center\">5g\r\n\r\n3g<\/td>\r\n<\/tr>\r\n<tr style=\"height: 22px\">\r\n<td style=\"width: 59.6552%;height: 22px;background-color: #e6d3b1;text-align: center\">Vl\u00e1kniny<\/td>\r\n<td style=\"width: 40.3448%;height: 22px;background-color: #e6d3b1;text-align: center\">1g<\/td>\r\n<\/tr>\r\n<tr style=\"height: 22px\">\r\n<td style=\"width: 59.6552%;height: 22px;text-align: center\">Bielkoviny<\/td>\r\n<td style=\"width: 40.3448%;height: 22px;text-align: center\">0g<\/td>\r\n<\/tr>\r\n<\/tbody>\r\n<\/table>","_et_gb_content_width":""},"product_cat":[73],"product_tag":[],"class_list":["post-2091","product","type-product","status-publish","has-post-thumbnail","hentry","product_cat-obento"],"_links":{"self":[{"href":"https:\/\/eshop.yuzu.house\/cs\/wp-json\/wp\/v2\/product\/2091","targetHints":{"allow":["GET"]}}],"collection":[{"href":"https:\/\/eshop.yuzu.house\/cs\/wp-json\/wp\/v2\/product"}],"about":[{"href":"https:\/\/eshop.yuzu.house\/cs\/wp-json\/wp\/v2\/types\/product"}],"wp:featuredmedia":[{"embeddable":true,"href":"https:\/\/eshop.yuzu.house\/cs\/wp-json\/wp\/v2\/media\/2241"}],"wp:attachment":[{"href":"https:\/\/eshop.yuzu.house\/cs\/wp-json\/wp\/v2\/media?parent=2091"}],"wp:term":[{"taxonomy":"product_cat","embeddable":true,"href":"https:\/\/eshop.yuzu.house\/cs\/wp-json\/wp\/v2\/product_cat?post=2091"},{"taxonomy":"product_tag","embeddable":true,"href":"https:\/\/eshop.yuzu.house\/cs\/wp-json\/wp\/v2\/product_tag?post=2091"}],"curies":[{"name":"wp","href":"https:\/\/api.w.org\/{rel}","templated":true}]}}