{"id":201,"date":"2021-05-07T14:58:42","date_gmt":"2021-05-07T12:58:42","guid":{"rendered":"https:\/\/neweshop.yuzu.house\/?post_type=product&#038;p=201"},"modified":"2022-12-04T01:21:00","modified_gmt":"2022-12-04T00:21:00","slug":"darcekovy-poukaz-mala-skupina","status":"publish","type":"product","link":"https:\/\/eshop.yuzu.house\/cs\/produkt\/darcekovy-poukaz-mala-skupina\/","title":{"rendered":"Dar\u010dekov\u00fd poukaz mal\u00e1 skupina"},"content":{"rendered":"<p>[et_pb_section fb_built=&#8220;1&#8243; _builder_version=&#8220;3.22&#8243; custom_padding=&#8220;0px||||false|false&#8220; hover_enabled=&#8220;0&#8243; global_colors_info=&#8220;{}&#8220; sticky_enabled=&#8220;0&#8243;][et_pb_row _builder_version=&#8220;3.25&#8243; background_size=&#8220;initial&#8220; background_position=&#8220;top_left&#8220; background_repeat=&#8220;repeat&#8220; width=&#8220;100%&#8220; custom_padding=&#8220;0px||0px||false|false&#8220; global_colors_info=&#8220;{}&#8220;][et_pb_column type=&#8220;4_4&#8243; _builder_version=&#8220;3.25&#8243; custom_padding=&#8220;|||&#8220; global_colors_info=&#8220;{}&#8220; custom_padding__hover=&#8220;|||&#8220;][et_pb_wc_breadcrumb _builder_version=&#8220;3.0.47&#8243; global_colors_info=&#8220;{}&#8220;][\/et_pb_wc_breadcrumb][et_pb_wc_cart_notice global_colors_info=&#8220;{}&#8220;][\/et_pb_wc_cart_notice][\/et_pb_column][\/et_pb_row][et_pb_row column_structure=&#8220;1_2,1_2&#8243; _builder_version=&#8220;3.25&#8243; background_size=&#8220;initial&#8220; background_position=&#8220;top_left&#8220; background_repeat=&#8220;repeat&#8220; width=&#8220;100%&#8220; custom_padding=&#8220;0px||||false|false&#8220; global_colors_info=&#8220;{}&#8220;][et_pb_column type=&#8220;1_2&#8243; _builder_version=&#8220;3.25&#8243; custom_padding=&#8220;|||&#8220; global_colors_info=&#8220;{}&#8220; custom_padding__hover=&#8220;|||&#8220;][et_pb_wc_images _builder_version=&#8220;3.0.47&#8243; global_colors_info=&#8220;{}&#8220;][\/et_pb_wc_images][\/et_pb_column][et_pb_column type=&#8220;1_2&#8243; _builder_version=&#8220;3.25&#8243; custom_padding=&#8220;|||&#8220; global_colors_info=&#8220;{}&#8220; custom_padding__hover=&#8220;|||&#8220;][et_pb_wc_title _builder_version=&#8220;3.0.47&#8243; global_colors_info=&#8220;{}&#8220;][\/et_pb_wc_title][et_pb_wc_rating _builder_version=&#8220;3.0.47&#8243; global_colors_info=&#8220;{}&#8220;][\/et_pb_wc_rating][et_pb_wc_price _builder_version=&#8220;3.0.47&#8243; global_colors_info=&#8220;{}&#8220;][\/et_pb_wc_price][et_pb_wc_description _builder_version=&#8220;3.0.47&#8243; global_colors_info=&#8220;{}&#8220;][\/et_pb_wc_description][et_pb_wc_add_to_cart global_colors_info=&#8220;{}&#8220;][\/et_pb_wc_add_to_cart][et_pb_wc_meta _builder_version=&#8220;3.0.47&#8243; global_colors_info=&#8220;{}&#8220;][\/et_pb_wc_meta][\/et_pb_column][\/et_pb_row][et_pb_row _builder_version=&#8220;3.25&#8243; background_size=&#8220;initial&#8220; background_position=&#8220;top_left&#8220; background_repeat=&#8220;repeat&#8220; width=&#8220;100%&#8220; global_colors_info=&#8220;{}&#8220;][et_pb_column type=&#8220;4_4&#8243; _builder_version=&#8220;3.25&#8243; custom_padding=&#8220;|||&#8220; global_colors_info=&#8220;{}&#8220; custom_padding__hover=&#8220;|||&#8220;][et_pb_wc_tabs _builder_version=&#8220;3.0.47&#8243; global_colors_info=&#8220;{}&#8220;]\t\t\t\t\t[\/et_pb_wc_tabs][et_pb_wc_upsells _builder_version=&#8220;3.0.47&#8243; global_colors_info=&#8220;{}&#8220;][\/et_pb_wc_upsells][et_pb_wc_related_products _builder_version=&#8220;3.0.47&#8243; global_colors_info=&#8220;{}&#8220;][\/et_pb_wc_related_products][\/et_pb_column][\/et_pb_row][et_pb_row _builder_version=&#8220;3.25&#8243; background_size=&#8220;initial&#8220; background_position=&#8220;top_left&#8220; background_repeat=&#8220;repeat&#8220; width=&#8220;100%&#8220; global_colors_info=&#8220;{}&#8220;][et_pb_column type=&#8220;4_4&#8243; _builder_version=&#8220;3.25&#8243; custom_padding=&#8220;|||&#8220; global_colors_info=&#8220;{}&#8220; custom_padding__hover=&#8220;|||&#8220;][et_pb_wc_tabs _builder_version=&#8220;3.0.47&#8243; global_colors_info=&#8220;{}&#8220;]\t\t\t\t\t[\/et_pb_wc_tabs][et_pb_wc_upsells _builder_version=&#8220;3.0.47&#8243; global_colors_info=&#8220;{}&#8220;][\/et_pb_wc_upsells][et_pb_wc_related_products _builder_version=&#8220;3.0.47&#8243; global_colors_info=&#8220;{}&#8220;][\/et_pb_wc_related_products][\/et_pb_column][\/et_pb_row][\/et_pb_section]<\/p>\n","protected":false},"excerpt":{"rendered":"<p>Uveden\u00e1 cena 38\u20ac je za 1 osobu<br \/>\nYUZU JAPANESE DINING ROOM<br \/>\n(SHABU-SHABU MENU) \u2013 cena za 1 osobu pri po\u010dte os\u00f4b 3-4 v danom term\u00edne. N\u00e1\u0161 kuch\u00e1r var\u00ed len pre V\u00e1s.<\/p>\n","protected":false},"featured_media":202,"template":"","meta":{"_et_pb_use_builder":"on","_et_pb_old_content":"<div class=\"answer\">\r\n\r\nU\u017eite si jedine\u010dn\u00fd z\u00e1\u017eitok v kruhu zn\u00e1mych, kolegov, biznis partnerov! Cena za 1 osobu pri po\u010dte os\u00f4b 3-4 osoby v danom term\u00edne. N\u00e1\u0161 kuch\u00e1r var\u00ed len pre V\u00e1s.\r\n\r\n<strong>Doru\u010denie poukazu:<\/strong>\r\nPo zak\u00fapen\u00ed dar\u010dekov\u00e9ho poukazu V\u00e1m tento po\u0161leme na vy\u017eiadanie po\u0161tou,\u00a0alebo si po\u0148 m\u00f4\u017eete pr\u00eds\u0165 sami priamo do YUZU House na Kloko\u010dovej ulici. Term\u00edn a \u010das vyzdvihnutia si treba vopred telefonicky dohodn\u00fa\u0165 na \u010d\u00edsle: +421 940 627 422.\r\n\r\n\u0160tandardne V\u00e1m na email pr\u00edde pouk\u00e1\u017eka ktor\u00fa m\u00f4\u017eete uplatni\u0165. bu\u010f po\u0161tou\r\n\r\n<strong>Uplatnenie poukazu:<\/strong>\r\n\r\nPrimo rezerv\u00e1ciou term\u00ednu u n\u00e1s.\r\n\r\n<strong>Platnos\u0165 poukazu: <\/strong>Poukaz je platn\u00fd 1 rok po jeho zak\u00fapen\u00ed.\r\n\r\n<strong>V pr\u00edpade straty:<\/strong>\r\n\r\nJe mo\u017en\u00e9 vystavi\u0165 k\u00f3piu u\u017e zak\u00fapen\u00e9ho poukazu za poplatok 10Eur \/ ks u n\u00e1s v YUZU House. V pr\u00edpade doru\u010denia po\u0161tou sa k tejto sume bud\u00fa \u00fa\u010dtova\u0165 n\u00e1klady na dopravu. Takto vystaven\u00e1 k\u00f3pia poukazu bude jasne identifikovan\u00e1 ako jeho k\u00f3pia.\r\n\r\n<strong>Storno podmienky:<\/strong>\r\n\r\nStorno u\u017e rezervovan\u00e9ho term\u00ednu t.j. BOARDING TIME viac ako 24H pred : bez poplatku.\r\nStorno u\u017e rezervovan\u00e9ho term\u00ednu t.j. BOARDING TIME menej ako 24H pred : 50% zo sumy poukazu.\r\nV pr\u00edpade NO SHOW : 100% zo sumy poukazu.\r\nV pr\u00edpade nemo\u017enosti realiz\u00e1cie servisu zo strany YUZU House: 100% vr\u00e1tenie zaplatenej sumy sp\u00e4tnou platbou na \u00fa\u010det.\r\nV pr\u00edpade storna so \u017eiados\u0165ou o vr\u00e1tenie pe\u0148az\u00ed \u00fa\u010dtujeme 20% servisn\u00fd poplatok, peniaze pouk\u00e1\u017eeme sp\u00e4tnou platbou na \u00fa\u010det.\r\n\r\n<\/div>","_et_gb_content_width":""},"product_cat":[18,72],"product_tag":[],"class_list":["post-201","product","type-product","status-publish","has-post-thumbnail","hentry","product_cat-darceky","product_cat-voucher"],"_links":{"self":[{"href":"https:\/\/eshop.yuzu.house\/cs\/wp-json\/wp\/v2\/product\/201","targetHints":{"allow":["GET"]}}],"collection":[{"href":"https:\/\/eshop.yuzu.house\/cs\/wp-json\/wp\/v2\/product"}],"about":[{"href":"https:\/\/eshop.yuzu.house\/cs\/wp-json\/wp\/v2\/types\/product"}],"wp:featuredmedia":[{"embeddable":true,"href":"https:\/\/eshop.yuzu.house\/cs\/wp-json\/wp\/v2\/media\/202"}],"wp:attachment":[{"href":"https:\/\/eshop.yuzu.house\/cs\/wp-json\/wp\/v2\/media?parent=201"}],"wp:term":[{"taxonomy":"product_cat","embeddable":true,"href":"https:\/\/eshop.yuzu.house\/cs\/wp-json\/wp\/v2\/product_cat?post=201"},{"taxonomy":"product_tag","embeddable":true,"href":"https:\/\/eshop.yuzu.house\/cs\/wp-json\/wp\/v2\/product_tag?post=201"}],"curies":[{"name":"wp","href":"https:\/\/api.w.org\/{rel}","templated":true}]}}